{"id":7,"date":"2022-08-05T12:03:05","date_gmt":"2022-08-05T15:03:05","guid":{"rendered":"https:\/\/www.gadens.com.br\/?page_id=7"},"modified":"2023-04-06T16:15:45","modified_gmt":"2023-04-06T19:15:45","slug":"quem-somos","status":"publish","type":"page","link":"https:\/\/gadens.com.br\/_homologacao\/quem-somos\/","title":{"rendered":"Quem Somos"},"content":{"rendered":"\n<p>Voc\u00ea \u00e9 o tipo de pessoa que acredita que todas as escolhas da sua vida est\u00e3o predestinadas e n\u00e3o importa o que fa\u00e7a, nada mudar\u00e1. Afinal, o seu futuro j\u00e1 est\u00e1 tra\u00e7ado.<\/p>\n\n\n\n<p>Ou voc\u00ea \u00e9 diferente da maioria? Seus pensamentos, suas cren\u00e7as, e principalmente sua atitude, n\u00e3o est\u00e3o mais no mesmo padr\u00e3o dos que os cercam. Voc\u00ea j\u00e1 subiu de n\u00edvel.<\/p>\n\n\n\n<p>Pessoas como voc\u00ea desejam transcender, viver em um lugar com seus semelhantes, um ambiente de alto n\u00edvel, onde o destino \u00e9 criado e ele s\u00f3 depende de voc\u00ea. <\/p>\n\n\n\n<figure class=\"wp-block-embed is-type-video is-provider-youtube wp-block-embed-youtube wp-embed-aspect-16-9 wp-has-aspect-ratio\"><div class=\"wp-block-embed__wrapper\">\n<div class=\"video-container-wrapper\"><div class=\"video-container\"><iframe loading=\"lazy\" title=\"Institucional Grupo Gadens\" width=\"500\" height=\"281\" src=\"https:\/\/www.youtube.com\/embed\/Xje9unDV2CA?feature=oembed\" frameborder=\"0\" allow=\"accelerometer; autoplay; clipboard-write; encrypted-media; gyroscope; picture-in-picture; web-share\" referrerpolicy=\"strict-origin-when-cross-origin\" allowfullscreen><\/iframe><\/div><\/div>\n<\/div><\/figure>\n","protected":false},"excerpt":{"rendered":"<p>Voc\u00ea \u00e9 o tipo de pessoa que acredita que todas as escolhas da sua vida est\u00e3o predestinadas e n\u00e3o importa o que fa\u00e7a, nada mudar\u00e1. Afinal, o seu futuro j\u00e1 est\u00e1 tra\u00e7ado. Ou voc\u00ea \u00e9 diferente da maioria? Seus pensamentos, suas cren\u00e7as, e principalmente sua atitude, n\u00e3o est\u00e3o mais no mesmo padr\u00e3o dos que os [&hellip;]<\/p>\n","protected":false},"author":1,"featured_media":0,"parent":0,"menu_order":2,"comment_status":"closed","ping_status":"closed","template":"pages\/sobre.php","meta":{"footnotes":""},"class_list":["post-7","page","type-page","status-publish","hentry"],"acf":[],"yoast_head":"<!-- This site is optimized with the Yoast SEO plugin v27.4 - https:\/\/yoast.com\/product\/yoast-seo-wordpress\/ -->\n<title>Quem Somos - Gadens Incorporadora<\/title>\n<meta name=\"robots\" content=\"index, follow, max-snippet:-1, max-image-preview:large, max-video-preview:-1\" \/>\n<link rel=\"canonical\" href=\"https:\/\/gadens.com.br\/_homologacao\/quem-somos\/\" \/>\n<meta property=\"og:locale\" content=\"pt_BR\" \/>\n<meta property=\"og:type\" content=\"article\" \/>\n<meta property=\"og:title\" content=\"Quem Somos - Gadens Incorporadora\" \/>\n<meta property=\"og:description\" content=\"Voc\u00ea \u00e9 o tipo de pessoa que acredita que todas as escolhas da sua vida est\u00e3o predestinadas e n\u00e3o importa o que fa\u00e7a, nada mudar\u00e1. Afinal, o seu futuro j\u00e1 est\u00e1 tra\u00e7ado. Ou voc\u00ea \u00e9 diferente da maioria? Seus pensamentos, suas cren\u00e7as, e principalmente sua atitude, n\u00e3o est\u00e3o mais no mesmo padr\u00e3o dos que os [&hellip;]\" \/>\n<meta property=\"og:url\" content=\"https:\/\/gadens.com.br\/_homologacao\/quem-somos\/\" \/>\n<meta property=\"og:site_name\" content=\"Gadens Incorporadora\" \/>\n<meta property=\"article:modified_time\" content=\"2023-04-06T19:15:45+00:00\" \/>\n<meta name=\"twitter:card\" content=\"summary_large_image\" \/>\n<meta name=\"twitter:label1\" content=\"Est. tempo de leitura\" \/>\n\t<meta name=\"twitter:data1\" content=\"1 minuto\" \/>\n<script type=\"application\/ld+json\" class=\"yoast-schema-graph\">{\"@context\":\"https:\\\/\\\/schema.org\",\"@graph\":[{\"@type\":\"WebPage\",\"@id\":\"https:\\\/\\\/gadens.com.br\\\/_homologacao\\\/quem-somos\\\/\",\"url\":\"https:\\\/\\\/gadens.com.br\\\/_homologacao\\\/quem-somos\\\/\",\"name\":\"Quem Somos - Gadens Incorporadora\",\"isPartOf\":{\"@id\":\"https:\\\/\\\/gadens.com.br\\\/_homologacao\\\/#website\"},\"datePublished\":\"2022-08-05T15:03:05+00:00\",\"dateModified\":\"2023-04-06T19:15:45+00:00\",\"breadcrumb\":{\"@id\":\"https:\\\/\\\/gadens.com.br\\\/_homologacao\\\/quem-somos\\\/#breadcrumb\"},\"inLanguage\":\"pt-BR\",\"potentialAction\":[{\"@type\":\"ReadAction\",\"target\":[\"https:\\\/\\\/gadens.com.br\\\/_homologacao\\\/quem-somos\\\/\"]}]},{\"@type\":\"BreadcrumbList\",\"@id\":\"https:\\\/\\\/gadens.com.br\\\/_homologacao\\\/quem-somos\\\/#breadcrumb\",\"itemListElement\":[{\"@type\":\"ListItem\",\"position\":1,\"name\":\"In\u00edcio\",\"item\":\"https:\\\/\\\/gadens.com.br\\\/_homologacao\\\/\"},{\"@type\":\"ListItem\",\"position\":2,\"name\":\"Quem Somos\"}]},{\"@type\":\"WebSite\",\"@id\":\"https:\\\/\\\/gadens.com.br\\\/_homologacao\\\/#website\",\"url\":\"https:\\\/\\\/gadens.com.br\\\/_homologacao\\\/\",\"name\":\"Gadens Incorporadora\",\"description\":\"\",\"potentialAction\":[{\"@type\":\"SearchAction\",\"target\":{\"@type\":\"EntryPoint\",\"urlTemplate\":\"https:\\\/\\\/gadens.com.br\\\/_homologacao\\\/?s={search_term_string}\"},\"query-input\":{\"@type\":\"PropertyValueSpecification\",\"valueRequired\":true,\"valueName\":\"search_term_string\"}}],\"inLanguage\":\"pt-BR\"}]}<\/script>\n<!-- \/ Yoast SEO plugin. -->","yoast_head_json":{"title":"Quem Somos - Gadens Incorporadora","robots":{"index":"index","follow":"follow","max-snippet":"max-snippet:-1","max-image-preview":"max-image-preview:large","max-video-preview":"max-video-preview:-1"},"canonical":"https:\/\/gadens.com.br\/_homologacao\/quem-somos\/","og_locale":"pt_BR","og_type":"article","og_title":"Quem Somos - Gadens Incorporadora","og_description":"Voc\u00ea \u00e9 o tipo de pessoa que acredita que todas as escolhas da sua vida est\u00e3o predestinadas e n\u00e3o importa o que fa\u00e7a, nada mudar\u00e1. Afinal, o seu futuro j\u00e1 est\u00e1 tra\u00e7ado. Ou voc\u00ea \u00e9 diferente da maioria? Seus pensamentos, suas cren\u00e7as, e principalmente sua atitude, n\u00e3o est\u00e3o mais no mesmo padr\u00e3o dos que os [&hellip;]","og_url":"https:\/\/gadens.com.br\/_homologacao\/quem-somos\/","og_site_name":"Gadens Incorporadora","article_modified_time":"2023-04-06T19:15:45+00:00","twitter_card":"summary_large_image","twitter_misc":{"Est. tempo de leitura":"1 minuto"},"schema":{"@context":"https:\/\/schema.org","@graph":[{"@type":"WebPage","@id":"https:\/\/gadens.com.br\/_homologacao\/quem-somos\/","url":"https:\/\/gadens.com.br\/_homologacao\/quem-somos\/","name":"Quem Somos - Gadens Incorporadora","isPartOf":{"@id":"https:\/\/gadens.com.br\/_homologacao\/#website"},"datePublished":"2022-08-05T15:03:05+00:00","dateModified":"2023-04-06T19:15:45+00:00","breadcrumb":{"@id":"https:\/\/gadens.com.br\/_homologacao\/quem-somos\/#breadcrumb"},"inLanguage":"pt-BR","potentialAction":[{"@type":"ReadAction","target":["https:\/\/gadens.com.br\/_homologacao\/quem-somos\/"]}]},{"@type":"BreadcrumbList","@id":"https:\/\/gadens.com.br\/_homologacao\/quem-somos\/#breadcrumb","itemListElement":[{"@type":"ListItem","position":1,"name":"In\u00edcio","item":"https:\/\/gadens.com.br\/_homologacao\/"},{"@type":"ListItem","position":2,"name":"Quem Somos"}]},{"@type":"WebSite","@id":"https:\/\/gadens.com.br\/_homologacao\/#website","url":"https:\/\/gadens.com.br\/_homologacao\/","name":"Gadens Incorporadora","description":"","potentialAction":[{"@type":"SearchAction","target":{"@type":"EntryPoint","urlTemplate":"https:\/\/gadens.com.br\/_homologacao\/?s={search_term_string}"},"query-input":{"@type":"PropertyValueSpecification","valueRequired":true,"valueName":"search_term_string"}}],"inLanguage":"pt-BR"}]}},"_links":{"self":[{"href":"https:\/\/gadens.com.br\/_homologacao\/wp-json\/wp\/v2\/pages\/7","targetHints":{"allow":["GET"]}}],"collection":[{"href":"https:\/\/gadens.com.br\/_homologacao\/wp-json\/wp\/v2\/pages"}],"about":[{"href":"https:\/\/gadens.com.br\/_homologacao\/wp-json\/wp\/v2\/types\/page"}],"author":[{"embeddable":true,"href":"https:\/\/gadens.com.br\/_homologacao\/wp-json\/wp\/v2\/users\/1"}],"replies":[{"embeddable":true,"href":"https:\/\/gadens.com.br\/_homologacao\/wp-json\/wp\/v2\/comments?post=7"}],"version-history":[{"count":27,"href":"https:\/\/gadens.com.br\/_homologacao\/wp-json\/wp\/v2\/pages\/7\/revisions"}],"predecessor-version":[{"id":890,"href":"https:\/\/gadens.com.br\/_homologacao\/wp-json\/wp\/v2\/pages\/7\/revisions\/890"}],"wp:attachment":[{"href":"https:\/\/gadens.com.br\/_homologacao\/wp-json\/wp\/v2\/media?parent=7"}],"curies":[{"name":"wp","href":"https:\/\/api.w.org\/{rel}","templated":true}]}}