{"id":901,"date":"2023-04-18T23:38:09","date_gmt":"2023-04-19T02:38:09","guid":{"rendered":"https:\/\/www.gadens.com.br\/?page_id=901"},"modified":"2023-04-18T23:38:10","modified_gmt":"2023-04-19T02:38:10","slug":"politica-de-seguranca","status":"publish","type":"page","link":"https:\/\/gadens.com.br\/_homologacao\/politica-de-seguranca\/","title":{"rendered":"Pol\u00edtica de seguran\u00e7a"},"content":{"rendered":"\n<p>A GADENS REALTY LTDA., inscrita no CNPJ sob n\u00ba 12.831.357\/0001-09, com endere\u00e7o \u00e0 Rua Emiliano Perneta, n\u00ba 390, 17\u00ba andar, Centro, Curitiba \u2013 PR, CEP: 80.420-080 (\u201cGADENS\u201d e \u201cGADECONS\u201d), valoriza muito todos os seus clientes e entende o quanto a seguran\u00e7a de seus dados \u00e9 fundamental!<\/p>\n\n\n\n<p>Por isso, implementou diversas MEDIDAS DE SEGURAN\u00c7A &#8211; que respeitam as leis em vigor e as boas pr\u00e1ticas &#8211; para mitigar riscos relacionados ao tratamento de dados pessoais. Inclusive, caso queira saber mais sobre a coleta e o tratamento de dados na GADENS e\/ou GADECONS, acesse a <a href=\"https:\/\/gadens.com.br\/_homologacao\/politica-de-privacidade\/\" target=\"_blank\" rel=\"noreferrer noopener\">Pol\u00edtica de Privacidade<\/a>.<\/p>\n\n\n\n<p>Al\u00e9m disso, a GADENS e a GADECONS buscam manter a seguran\u00e7a \u00e0 informa\u00e7\u00e3o em todos os seus sistemas e processos internos, prevenindo, detectando e reduzindo a vulnerabilidade a incidentes relacionados a dados pessoais, pautando-se nos 03 pilares de seguran\u00e7a \u00e0 informa\u00e7\u00e3o: (i) confidencialidade; (ii) integridade; e (iii) disponibilidade. Dessa forma, o acesso a dados pessoais \u00e9 concedido apenas a colaboradores autorizados e se houver necessidade, sendo os dados gerenciados atrav\u00e9s de um ciclo de vida, desde sua cria\u00e7\u00e3o at\u00e9 a sua desativa\u00e7\u00e3o.<\/p>\n\n\n\n<p>Mas aten\u00e7\u00e3o!!! As medidas de seguran\u00e7a adotadas pelas marcas se aplicam aos dados pessoais somente a partir do momento em que estas os recebem e enquanto os mant\u00e9m sob sua guarda. O funcionamento e a seguran\u00e7a dos dispositivos utilizados pelos usu\u00e1rios e as redes parceiras, pelas quais os dados trafegam, n\u00e3o s\u00e3o de responsabilidade da GADENS e\/ou da GADECONS!<\/p>\n\n\n\n<p>Ainda, na remota hip\u00f3tese de ocorrer um INCIDENTE com os dados pessoais que estejam, efetivamente, sob a guarda da GADENS e\/ou da GADECONS, o time da empresa atuar\u00e1 de forma \u00e1gil e eficaz, mensurando as principais medidas a serem adotadas, atrav\u00e9s de um plano de a\u00e7\u00e3o e com a consequente elabora\u00e7\u00e3o de um Relat\u00f3rio de Incidentes \u2013 informando as medidas tomadas e an\u00e1lise de riscos &#8211; o qual poder\u00e1 ser consultado, a qualquer momento, dentro do prazo de 05 (cinco) anos contados da data de ocorr\u00eancia do incidente, mediante solicita\u00e7\u00e3o ao e-mail roberto@grupogadens.com.br.<\/p>\n\n\n\n<p>IMPORTANTE: Um incidente poder\u00e1 ser qualquer evento adverso, confirmado ou sob suspeita, relacionado \u00e0 viola\u00e7\u00e3o na seguran\u00e7a de dados pessoais, tal como acesso n\u00e3o autorizado, acidental ou il\u00edcito que resulte na destrui\u00e7\u00e3o, perda, altera\u00e7\u00e3o, vazamento e que possa ocasionar risco para os direitos e liberdades do titular de dados pessoais.<\/p>\n\n\n\n<p>Por fim, algumas medidas b\u00e1sicas podem ser tomadas pelos usu\u00e1rios para auxiliar na preven\u00e7\u00e3o e mitiga\u00e7\u00e3o de ataques aos dados pessoais:<\/p>\n\n\n\n<ul class=\"wp-block-list\">\n<li>Criar senhas fortes e evitar utilizar dados pessoais na composi\u00e7\u00e3o delas, exemplo: nome, cpf, data de nascimento;<\/li>\n\n\n\n<li>N\u00e3o utilizar a mesma senha em todas as plataformas;<\/li>\n\n\n\n<li>Alterar a senha sempre que suspeitar de um vazamento;<\/li>\n\n\n\n<li>N\u00e3o compartilhar a senha com outras pessoas;<\/li>\n\n\n\n<li>Quando poss\u00edvel, utilizar um gerenciador de senhas e a autentica\u00e7\u00e3o de dois fatores;<\/li>\n\n\n\n<li>Evitar acessar o website das marcas em dispositivos de terceiros e\/ou p\u00fablicos-n\u00e3o confi\u00e1veis;<\/li>\n\n\n\n<li>Evitar abrir e-mails com conte\u00fado desconhecido e n\u00e3o clicar em links suspeitos;<\/li>\n\n\n\n<li>Caso verifique que os dados pessoais foram fraudados, buscar informa\u00e7\u00f5es junto aos provedores do servi\u00e7o e reportar o ocorrido \u00e0 autoridade policial.<\/li>\n<\/ul>\n\n\n\n<p>D\u00daVIDAS E ESCLARECIMENTOS: Caso tenha d\u00favidas quanto a esta Pol\u00edtica ou queira saber mais sobre o tratamento de dados pessoais na GADENS e\/ou na GADECONS, n\u00e3o hesite em entrar em contato atrav\u00e9s do e-mail: roberto@grupogadens.com.br.<\/p>\n","protected":false},"excerpt":{"rendered":"<p>A GADENS REALTY LTDA., inscrita no CNPJ sob n\u00ba 12.831.357\/0001-09, com endere\u00e7o \u00e0 Rua Emiliano Perneta, n\u00ba 390, 17\u00ba andar, Centro, Curitiba \u2013 PR, CEP: 80.420-080 (\u201cGADENS\u201d e \u201cGADECONS\u201d), valoriza muito todos os seus clientes e entende o quanto a seguran\u00e7a de seus dados \u00e9 fundamental! Por isso, implementou diversas MEDIDAS DE SEGURAN\u00c7A &#8211; que [&hellip;]<\/p>\n","protected":false},"author":2,"featured_media":0,"parent":0,"menu_order":20,"comment_status":"closed","ping_status":"closed","template":"","meta":{"footnotes":""},"class_list":["post-901","page","type-page","status-publish","hentry"],"acf":[],"yoast_head":"<!-- This site is optimized with the Yoast SEO plugin v27.4 - https:\/\/yoast.com\/product\/yoast-seo-wordpress\/ -->\n<title>Pol\u00edtica de seguran\u00e7a - Gadens Incorporadora<\/title>\n<meta name=\"robots\" content=\"index, follow, max-snippet:-1, max-image-preview:large, max-video-preview:-1\" \/>\n<link rel=\"canonical\" href=\"https:\/\/gadens.com.br\/_homologacao\/politica-de-seguranca\/\" \/>\n<meta property=\"og:locale\" content=\"pt_BR\" \/>\n<meta property=\"og:type\" content=\"article\" \/>\n<meta property=\"og:title\" content=\"Pol\u00edtica de seguran\u00e7a - Gadens Incorporadora\" \/>\n<meta property=\"og:description\" content=\"A GADENS REALTY LTDA., inscrita no CNPJ sob n\u00ba 12.831.357\/0001-09, com endere\u00e7o \u00e0 Rua Emiliano Perneta, n\u00ba 390, 17\u00ba andar, Centro, Curitiba \u2013 PR, CEP: 80.420-080 (\u201cGADENS\u201d e \u201cGADECONS\u201d), valoriza muito todos os seus clientes e entende o quanto a seguran\u00e7a de seus dados \u00e9 fundamental! Por isso, implementou diversas MEDIDAS DE SEGURAN\u00c7A &#8211; que [&hellip;]\" \/>\n<meta property=\"og:url\" content=\"https:\/\/gadens.com.br\/_homologacao\/politica-de-seguranca\/\" \/>\n<meta property=\"og:site_name\" content=\"Gadens Incorporadora\" \/>\n<meta property=\"article:modified_time\" content=\"2023-04-19T02:38:10+00:00\" \/>\n<meta name=\"twitter:card\" content=\"summary_large_image\" \/>\n<meta name=\"twitter:label1\" content=\"Est. tempo de leitura\" \/>\n\t<meta name=\"twitter:data1\" content=\"3 minutos\" \/>\n<script type=\"application\/ld+json\" class=\"yoast-schema-graph\">{\"@context\":\"https:\\\/\\\/schema.org\",\"@graph\":[{\"@type\":\"WebPage\",\"@id\":\"https:\\\/\\\/gadens.com.br\\\/_homologacao\\\/politica-de-seguranca\\\/\",\"url\":\"https:\\\/\\\/gadens.com.br\\\/_homologacao\\\/politica-de-seguranca\\\/\",\"name\":\"Pol\u00edtica de seguran\u00e7a - Gadens Incorporadora\",\"isPartOf\":{\"@id\":\"https:\\\/\\\/gadens.com.br\\\/_homologacao\\\/#website\"},\"datePublished\":\"2023-04-19T02:38:09+00:00\",\"dateModified\":\"2023-04-19T02:38:10+00:00\",\"breadcrumb\":{\"@id\":\"https:\\\/\\\/gadens.com.br\\\/_homologacao\\\/politica-de-seguranca\\\/#breadcrumb\"},\"inLanguage\":\"pt-BR\",\"potentialAction\":[{\"@type\":\"ReadAction\",\"target\":[\"https:\\\/\\\/gadens.com.br\\\/_homologacao\\\/politica-de-seguranca\\\/\"]}]},{\"@type\":\"BreadcrumbList\",\"@id\":\"https:\\\/\\\/gadens.com.br\\\/_homologacao\\\/politica-de-seguranca\\\/#breadcrumb\",\"itemListElement\":[{\"@type\":\"ListItem\",\"position\":1,\"name\":\"In\u00edcio\",\"item\":\"https:\\\/\\\/gadens.com.br\\\/_homologacao\\\/\"},{\"@type\":\"ListItem\",\"position\":2,\"name\":\"Pol\u00edtica de seguran\u00e7a\"}]},{\"@type\":\"WebSite\",\"@id\":\"https:\\\/\\\/gadens.com.br\\\/_homologacao\\\/#website\",\"url\":\"https:\\\/\\\/gadens.com.br\\\/_homologacao\\\/\",\"name\":\"Gadens Incorporadora\",\"description\":\"\",\"potentialAction\":[{\"@type\":\"SearchAction\",\"target\":{\"@type\":\"EntryPoint\",\"urlTemplate\":\"https:\\\/\\\/gadens.com.br\\\/_homologacao\\\/?s={search_term_string}\"},\"query-input\":{\"@type\":\"PropertyValueSpecification\",\"valueRequired\":true,\"valueName\":\"search_term_string\"}}],\"inLanguage\":\"pt-BR\"}]}<\/script>\n<!-- \/ Yoast SEO plugin. -->","yoast_head_json":{"title":"Pol\u00edtica de seguran\u00e7a - Gadens Incorporadora","robots":{"index":"index","follow":"follow","max-snippet":"max-snippet:-1","max-image-preview":"max-image-preview:large","max-video-preview":"max-video-preview:-1"},"canonical":"https:\/\/gadens.com.br\/_homologacao\/politica-de-seguranca\/","og_locale":"pt_BR","og_type":"article","og_title":"Pol\u00edtica de seguran\u00e7a - Gadens Incorporadora","og_description":"A GADENS REALTY LTDA., inscrita no CNPJ sob n\u00ba 12.831.357\/0001-09, com endere\u00e7o \u00e0 Rua Emiliano Perneta, n\u00ba 390, 17\u00ba andar, Centro, Curitiba \u2013 PR, CEP: 80.420-080 (\u201cGADENS\u201d e \u201cGADECONS\u201d), valoriza muito todos os seus clientes e entende o quanto a seguran\u00e7a de seus dados \u00e9 fundamental! Por isso, implementou diversas MEDIDAS DE SEGURAN\u00c7A &#8211; que [&hellip;]","og_url":"https:\/\/gadens.com.br\/_homologacao\/politica-de-seguranca\/","og_site_name":"Gadens Incorporadora","article_modified_time":"2023-04-19T02:38:10+00:00","twitter_card":"summary_large_image","twitter_misc":{"Est. tempo de leitura":"3 minutos"},"schema":{"@context":"https:\/\/schema.org","@graph":[{"@type":"WebPage","@id":"https:\/\/gadens.com.br\/_homologacao\/politica-de-seguranca\/","url":"https:\/\/gadens.com.br\/_homologacao\/politica-de-seguranca\/","name":"Pol\u00edtica de seguran\u00e7a - Gadens Incorporadora","isPartOf":{"@id":"https:\/\/gadens.com.br\/_homologacao\/#website"},"datePublished":"2023-04-19T02:38:09+00:00","dateModified":"2023-04-19T02:38:10+00:00","breadcrumb":{"@id":"https:\/\/gadens.com.br\/_homologacao\/politica-de-seguranca\/#breadcrumb"},"inLanguage":"pt-BR","potentialAction":[{"@type":"ReadAction","target":["https:\/\/gadens.com.br\/_homologacao\/politica-de-seguranca\/"]}]},{"@type":"BreadcrumbList","@id":"https:\/\/gadens.com.br\/_homologacao\/politica-de-seguranca\/#breadcrumb","itemListElement":[{"@type":"ListItem","position":1,"name":"In\u00edcio","item":"https:\/\/gadens.com.br\/_homologacao\/"},{"@type":"ListItem","position":2,"name":"Pol\u00edtica de seguran\u00e7a"}]},{"@type":"WebSite","@id":"https:\/\/gadens.com.br\/_homologacao\/#website","url":"https:\/\/gadens.com.br\/_homologacao\/","name":"Gadens Incorporadora","description":"","potentialAction":[{"@type":"SearchAction","target":{"@type":"EntryPoint","urlTemplate":"https:\/\/gadens.com.br\/_homologacao\/?s={search_term_string}"},"query-input":{"@type":"PropertyValueSpecification","valueRequired":true,"valueName":"search_term_string"}}],"inLanguage":"pt-BR"}]}},"_links":{"self":[{"href":"https:\/\/gadens.com.br\/_homologacao\/wp-json\/wp\/v2\/pages\/901","targetHints":{"allow":["GET"]}}],"collection":[{"href":"https:\/\/gadens.com.br\/_homologacao\/wp-json\/wp\/v2\/pages"}],"about":[{"href":"https:\/\/gadens.com.br\/_homologacao\/wp-json\/wp\/v2\/types\/page"}],"author":[{"embeddable":true,"href":"https:\/\/gadens.com.br\/_homologacao\/wp-json\/wp\/v2\/users\/2"}],"replies":[{"embeddable":true,"href":"https:\/\/gadens.com.br\/_homologacao\/wp-json\/wp\/v2\/comments?post=901"}],"version-history":[{"count":4,"href":"https:\/\/gadens.com.br\/_homologacao\/wp-json\/wp\/v2\/pages\/901\/revisions"}],"predecessor-version":[{"id":905,"href":"https:\/\/gadens.com.br\/_homologacao\/wp-json\/wp\/v2\/pages\/901\/revisions\/905"}],"wp:attachment":[{"href":"https:\/\/gadens.com.br\/_homologacao\/wp-json\/wp\/v2\/media?parent=901"}],"curies":[{"name":"wp","href":"https:\/\/api.w.org\/{rel}","templated":true}]}}